{"id":2,"date":"2017-05-15T21:11:01","date_gmt":"2017-05-15T21:11:01","guid":{"rendered":"http:\/\/www.70latki.pl\/?page_id=2"},"modified":"2025-11-23T20:09:21","modified_gmt":"2025-11-23T19:09:21","slug":"about","status":"publish","type":"page","link":"https:\/\/www.70latki.pl\/?page_id=2","title":{"rendered":"<!-- Global site tag (gtag.js) - Google Analytics --> <script async src=\"https:\/\/www.googletagmanager.com\/gtag\/js?id=UA-98761141-2\"><\/script> <script>   window.dataLayer = window.dataLayer || [];   function gtag(){dataLayer.push(arguments);}   gtag('js', new Date());    gtag('config', 'UA-98761141-2'); <\/script>O mnie"},"content":{"rendered":"<style type=\"text\/css\">\n\t<!-- @page { size: 21cm 29.7cm; margin: 2cm } P { margin-bottom: 0.21cm } --><br \/>\t<\/style>\n<div id=\"attachment_10\" style=\"width: 610px\" class=\"wp-caption aligncenter\"><a href=\"http:\/\/www.70latki.pl\/wp-content\/uploads\/2017\/05\/Moje-zdj\u0119cia-p.jpg\"><img loading=\"lazy\" decoding=\"async\" aria-describedby=\"caption-attachment-10\" class=\"wp-image-10 size-medium\" src=\"http:\/\/www.70latki.pl\/wp-content\/uploads\/2017\/05\/Moje-zdj\u0119cia-p-300x172.jpg\" alt=\"\" width=\"600\" height=\"344\" srcset=\"https:\/\/www.70latki.pl\/wp-content\/uploads\/2017\/05\/Moje-zdj\u0119cia-p-300x172.jpg 300w, https:\/\/www.70latki.pl\/wp-content\/uploads\/2017\/05\/Moje-zdj\u0119cia-p-768x440.jpg 768w, https:\/\/www.70latki.pl\/wp-content\/uploads\/2017\/05\/Moje-zdj\u0119cia-p-1024x587.jpg 1024w, https:\/\/www.70latki.pl\/wp-content\/uploads\/2017\/05\/Moje-zdj\u0119cia-p-700x401.jpg 700w\" sizes=\"auto, (max-width: 600px) 100vw, 600px\" \/><\/a><p id=\"caption-attachment-10\" class=\"wp-caption-text\">Fot. Ewa Brodziak, J\u00f3zef G\u00f3rniak, Rolf Heuser, Andrzej Siwiec, Robert Sznuk, Bogumi\u0142a Wartacz, z albumu rodzinnego<\/p><\/div>\n<p>Rocznik 1943<\/p>\n<p>1946 &#8211; 1950 Przedszkole Si\u00f3str Zmartwychwstanek w Radomiu<\/p>\n<p>1950 &#8211; 1961 Szko\u0142a Podstawowa i Liceum Og\u00f3lnokszta\u0142c\u0105ce im. Marii Konopnickiej w Radomiu<\/p>\n<p>1953 &#8211; 1958 Szko\u0142a Muzyczna I stopnia w Radomiu<\/p>\n<p>1961 &#8211; 1967 Politechnika Warszawska Wydzia\u0142 Elektroniki<\/p>\n<p>1967 &#8211; 1968 Instytut \u0141\u0105czno\u015bci w Miedzeszynie k. Warszawy<\/p>\n<p>1969 &#8211; 1998 Philips Hamburg, Pary\u017c, Eindhoven, Hamburg<\/p>\n<p>1989 &#8211; 1990 Studia podyplomowe z zakresu zarz\u0105dzania na Wolnym Uniwersytecie w Brukseli<\/p>\n<p>&gt;1998 \u2013 wolno\u015b\u0107<\/p>\n","protected":false},"excerpt":{"rendered":"<p>Rocznik 1943 1946 &#8211; 1950 Przedszkole Si\u00f3str Zmartwychwstanek w Radomiu 1950 &#8211; 1961 Szko\u0142a Podstawowa i Liceum Og\u00f3lnokszta\u0142c\u0105ce im. Marii Konopnickiej w Radomiu 1953 &#8211; 1958 Szko\u0142a Muzyczna I stopnia w Radomiu 1961 &#8211; 1967 Politechnika Warszawska Wydzia\u0142 Elektroniki 1967 &#8211; 1968 Instytut \u0141\u0105czno\u015bci w Miedzeszynie k. Warszawy 1969 &#8211; 1998 Philips Hamburg, Pary\u017c, Eindhoven, [&hellip;]<\/p>\n","protected":false},"author":1,"featured_media":0,"parent":0,"menu_order":0,"comment_status":"open","ping_status":"open","template":"","meta":{"footnotes":""},"class_list":["post-2","page","type-page","status-publish","hentry"],"_links":{"self":[{"href":"https:\/\/www.70latki.pl\/index.php?rest_route=\/wp\/v2\/pages\/2","targetHints":{"allow":["GET"]}}],"collection":[{"href":"https:\/\/www.70latki.pl\/index.php?rest_route=\/wp\/v2\/pages"}],"about":[{"href":"https:\/\/www.70latki.pl\/index.php?rest_route=\/wp\/v2\/types\/page"}],"author":[{"embeddable":true,"href":"https:\/\/www.70latki.pl\/index.php?rest_route=\/wp\/v2\/users\/1"}],"replies":[{"embeddable":true,"href":"https:\/\/www.70latki.pl\/index.php?rest_route=%2Fwp%2Fv2%2Fcomments&post=2"}],"version-history":[{"count":9,"href":"https:\/\/www.70latki.pl\/index.php?rest_route=\/wp\/v2\/pages\/2\/revisions"}],"predecessor-version":[{"id":2080,"href":"https:\/\/www.70latki.pl\/index.php?rest_route=\/wp\/v2\/pages\/2\/revisions\/2080"}],"wp:attachment":[{"href":"https:\/\/www.70latki.pl\/index.php?rest_route=%2Fwp%2Fv2%2Fmedia&parent=2"}],"curies":[{"name":"wp","href":"https:\/\/api.w.org\/{rel}","templated":true}]}}