{"id":22,"date":"2017-05-17T19:42:53","date_gmt":"2017-05-17T19:42:53","guid":{"rendered":"http:\/\/www.70latki.pl\/?page_id=22"},"modified":"2025-11-23T19:56:22","modified_gmt":"2025-11-23T18:56:22","slug":"70latki","status":"publish","type":"page","link":"https:\/\/www.70latki.pl\/?page_id=22","title":{"rendered":"<!-- Global site tag (gtag.js) - Google Analytics --> <script async src=\"https:\/\/www.googletagmanager.com\/gtag\/js?id=UA-98761141-2\"><\/script> <script>   window.dataLayer = window.dataLayer || [];   function gtag(){dataLayer.push(arguments);}   gtag('js', new Date());    gtag('config', 'UA-98761141-2'); <\/script>O stronie"},"content":{"rendered":"<h1>\n<style type=\"text\/css\">\n\t<!-- @page { size: 21cm 29.7cm; margin: 2cm } P { margin-bottom: 0.21cm } --><br \/>\t<\/style>\n<\/h1>\n<div id=\"attachment_8\" style=\"width: 310px\" class=\"wp-caption alignright\"><a href=\"http:\/\/www.70latki.pl\/wp-content\/uploads\/2017\/05\/Portret-2-1.jpg\"><img loading=\"lazy\" decoding=\"async\" aria-describedby=\"caption-attachment-8\" class=\"wp-image-8 size-medium\" src=\"http:\/\/www.70latki.pl\/wp-content\/uploads\/2017\/05\/Portret-2-1-300x300.jpg\" alt=\"\" width=\"300\" height=\"300\" srcset=\"https:\/\/www.70latki.pl\/wp-content\/uploads\/2017\/05\/Portret-2-1-300x300.jpg 300w, https:\/\/www.70latki.pl\/wp-content\/uploads\/2017\/05\/Portret-2-1-150x150.jpg 150w, https:\/\/www.70latki.pl\/wp-content\/uploads\/2017\/05\/Portret-2-1-768x768.jpg 768w, https:\/\/www.70latki.pl\/wp-content\/uploads\/2017\/05\/Portret-2-1-1024x1024.jpg 1024w, https:\/\/www.70latki.pl\/wp-content\/uploads\/2017\/05\/Portret-2-1-360x360.jpg 360w, https:\/\/www.70latki.pl\/wp-content\/uploads\/2017\/05\/Portret-2-1-700x700.jpg 700w\" sizes=\"auto, (max-width: 300px) 100vw, 300px\" \/><\/a><p id=\"caption-attachment-8\" class=\"wp-caption-text\">Fot. Ewa Brodziak<\/p><\/div>\n<p style=\"text-align: left;\"><span style=\"color: #000000;\">Zastanawia mnie, dlaczego siedemdziesi\u0119ciolatki, czyli moje r\u00f3wie\u015bnice, dawno zapomnia\u0142y, co znaczy by\u0107 powabn\u0105, uwodzicielsk\u0105&#8230; Ubieraj\u0105 si\u0119 ma\u0142o ciekawie, fryzury i makija\u017c sprzed p\u00f3\u0142 wieku, elegancja i styl przesta\u0142y by\u0107 ich mocn\u0105 stron\u0105. Przyznaj\u0119, trudno jest znale\u017a\u0107 bloga, sklep czy magazyn, kt\u00f3re oferowa\u0142y<\/span><span style=\"color: #000000;\">by <\/span><span style=\"color: #000000;\">modne, estetyczne ubrania dla tej grupy wiekowej; trudno o stosowne wskaz\u00f3wki, jak balansowa\u0107 mi\u0119dzy luksusem a wygod\u0105. A \u017ce nale\u017c\u0119 do ludzi \u015bmia\u0142ych, cokolwiek to znaczy, kochaj\u0105cych eksperymenty, chcia\u0142abym troch\u0119 tej odwagi do stylu przekaza\u0107 tym z nas, kt\u00f3re jej potrzebuj\u0105. <\/span><\/p>\n<p style=\"text-align: left;\">\n<style type=\"text\/css\">\n\t<!-- @page { size: 21cm 29.7cm; margin: 2cm } P { margin-bottom: 0.21cm } --><br \/>\t<\/style>\n<\/p>\n<p>&nbsp;<\/p>\n<p>Siedemdziesi\u0119ciolatki \u2013 jeste\u015bmy pokoleniem szczeg\u00f3lnym, kt\u00f3re wyssa\u0142o okupacj\u0119 z mlekiem matki, by\u0142o wychowywane i nauczane przez przedwojennych rodzic\u00f3w i nauczycieli, wi\u0119kszo\u015b\u0107 z nas chodzi\u0142a do \u017ce\u0144skich (m\u0119skich) klas, zdoby\u0142a zaw\u00f3d; matki pracuj\u0105ce, babcie zajmuj\u0105ce si\u0119 wnukami.<\/p>\n<p>I jeszcze jedno. Niezale\u017cnie od epoki w kt\u00f3rej \u017cyj\u0105, dwudziestolatki s\u0105 doros\u0142e, ale niedojrza\u0142e, trzydziestolatki, kt\u00f3re poczu\u0142y pismo nosem nieugi\u0119te i niewzruszone, czterdziestolatki zaczynaj\u0105 si\u0119 orientowa\u0107, \u017ce mog\u0105 si\u0119 nie za\u0142apa\u0107, pi\u0119\u0107dziesi\u0119ciolatki udaj\u0105, \u017ce ich nic nie dzieli od czterdziestolatek, sze\u015b\u0107dziesi\u0119ciolatki wiedz\u0105, ale ignoruj\u0105 fakt, \u017ce poci\u0105g ju\u017c odjecha\u0142. I to w\u0142a\u015bnie siedemdziesi\u0119ciolatkom przypada deziluzacja \u017cycia oraz akceptacja ogranicze\u0144 swych si\u0142 i mo\u017cliwo\u015bci. Do\u015bwiadczenia, kt\u00f3re albo doprowadzaj\u0105 do wyja\u0142owienia osobowo\u015bci, albo owocuj\u0105 wt\u00f3rn\u0105 wiar\u0105 w prawd\u0119, szcz\u0119\u015bcie i sens istnienia. Jest to wi\u0119c mo\u017ce najwa\u017cniejsza dekada \u017cycia.<\/p>\n<p>M\u0105dre, troskliwe, zaanga\u017cowane, kreatywne, nie poddaj\u0105ce si\u0119 sprzeczno\u015bciom czy czujemy si\u0119 dobrze w naszej sk\u00f3rze? Tej w\u0142a\u015bciwej i tej drugiej, kt\u00f3r\u0105 jest odzie\u017c i tej trzeciej, kt\u00f3r\u0105 jest nasz dom (wed\u0142ug le Corbusier&#8217;a). Czy mamy sw\u00f3j styl?<\/p>\n<ul>\n<li>styl oryginalny ale nie ekscentryczny<\/li>\n<li>odwag\u0119 do eksperymentowania<\/li>\n<li>hart ducha do poruszania si\u0119 na granicy mi\u0119dzy buntem a konwenansem<\/li>\n<\/ul>\n<p>Czy potrafimy da\u0107 si\u0119 uwie\u015b\u0107 szansie, pokierowa\u0107 przypadkiem?<\/p>\n<p>Je\u015bli podobnie my\u015blisz zapraszam ci\u0119 do dzielenia si\u0119 ze mn\u0105 wielkimi pasjami jak i mniejszymi przyjemno\u015bciami \u017cycia codziennego.<\/p>\n<p>Izabella<\/p>\n","protected":false},"excerpt":{"rendered":"<p>Zastanawia mnie, dlaczego siedemdziesi\u0119ciolatki, czyli moje r\u00f3wie\u015bnice, dawno zapomnia\u0142y, co znaczy by\u0107 powabn\u0105, uwodzicielsk\u0105&#8230; Ubieraj\u0105 si\u0119 ma\u0142o ciekawie, fryzury i makija\u017c sprzed p\u00f3\u0142 wieku, elegancja i styl przesta\u0142y by\u0107 ich mocn\u0105 stron\u0105. Przyznaj\u0119, trudno jest znale\u017a\u0107 bloga, sklep czy magazyn, kt\u00f3re oferowa\u0142yby modne, estetyczne ubrania dla tej grupy wiekowej; trudno o stosowne wskaz\u00f3wki, jak balansowa\u0107 [&hellip;]<\/p>\n","protected":false},"author":2,"featured_media":0,"parent":0,"menu_order":0,"comment_status":"closed","ping_status":"closed","template":"","meta":{"footnotes":""},"class_list":["post-22","page","type-page","status-publish","hentry"],"_links":{"self":[{"href":"https:\/\/www.70latki.pl\/index.php?rest_route=\/wp\/v2\/pages\/22","targetHints":{"allow":["GET"]}}],"collection":[{"href":"https:\/\/www.70latki.pl\/index.php?rest_route=\/wp\/v2\/pages"}],"about":[{"href":"https:\/\/www.70latki.pl\/index.php?rest_route=\/wp\/v2\/types\/page"}],"author":[{"embeddable":true,"href":"https:\/\/www.70latki.pl\/index.php?rest_route=\/wp\/v2\/users\/2"}],"replies":[{"embeddable":true,"href":"https:\/\/www.70latki.pl\/index.php?rest_route=%2Fwp%2Fv2%2Fcomments&post=22"}],"version-history":[{"count":11,"href":"https:\/\/www.70latki.pl\/index.php?rest_route=\/wp\/v2\/pages\/22\/revisions"}],"predecessor-version":[{"id":2079,"href":"https:\/\/www.70latki.pl\/index.php?rest_route=\/wp\/v2\/pages\/22\/revisions\/2079"}],"wp:attachment":[{"href":"https:\/\/www.70latki.pl\/index.php?rest_route=%2Fwp%2Fv2%2Fmedia&parent=22"}],"curies":[{"name":"wp","href":"https:\/\/api.w.org\/{rel}","templated":true}]}}